{"id":4576,"date":"2024-12-19T13:34:26","date_gmt":"2024-12-19T12:34:26","guid":{"rendered":"https:\/\/alpechalets.at\/golf-blog\/"},"modified":"2025-08-18T14:14:55","modified_gmt":"2025-08-18T12:14:55","slug":"golf-blog","status":"publish","type":"page","link":"https:\/\/alpechalets.at\/en\/golf-blog\/","title":{"rendered":"Golf Blog"},"content":{"rendered":"<p><div class=\"fusion-fullwidth fullwidth-box fusion-builder-row-1 fusion-flex-container nonhundred-percent-fullwidth non-hundred-percent-height-scrolling fusion-no-small-visibility gradient-container-1\" style=\"--awb-border-radius-top-left:0px;--awb-border-radius-top-right:0px;--awb-border-radius-bottom-right:0px;--awb-border-radius-bottom-left:0px;--awb-padding-bottom:140px;--awb-background-color:#f7f6f2;--awb-flex-wrap:wrap;\" ><div class=\"fusion-builder-row fusion-row fusion-flex-align-items-flex-start fusion-flex-content-wrap\" style=\"max-width:1352px;margin-left: calc(-4% \/ 2 );margin-right: calc(-4% \/ 2 );\"><div class=\"fusion-layout-column fusion_builder_column fusion-builder-column-0 fusion_builder_column_1_1 1_1 fusion-flex-column\" style=\"--awb-padding-top:10px;--awb-bg-size:cover;--awb-width-large:100%;--awb-margin-top-large:0px;--awb-spacing-right-large:1.92%;--awb-margin-bottom-large:20px;--awb-spacing-left-large:1.92%;--awb-width-medium:100%;--awb-order-medium:0;--awb-spacing-right-medium:1.92%;--awb-spacing-left-medium:1.92%;--awb-width-small:100%;--awb-order-small:0;--awb-spacing-right-small:1.92%;--awb-spacing-left-small:1.92%;\"><div class=\"fusion-column-wrapper fusion-column-has-shadow fusion-flex-justify-content-flex-start fusion-content-layout-column\"><div class=\"fusion-image-element \" style=\"text-align:center;--awb-max-width:100px;--awb-caption-title-font-family:var(--h2_typography-font-family);--awb-caption-title-font-weight:var(--h2_typography-font-weight);--awb-caption-title-font-style:var(--h2_typography-font-style);--awb-caption-title-size:var(--h2_typography-font-size);--awb-caption-title-transform:var(--h2_typography-text-transform);--awb-caption-title-line-height:var(--h2_typography-line-height);--awb-caption-title-letter-spacing:var(--h2_typography-letter-spacing);\"><span class=\" fusion-imageframe imageframe-none imageframe-1 hover-type-none\"><a class=\"fusion-no-lightbox\" href=\"https:\/\/alpechalets.at\/en\/\" target=\"_self\" aria-label=\"Logo-250px\"><img decoding=\"async\" width=\"250\" height=\"256\" src=\"https:\/\/alpechalets.at\/wp-content\/uploads\/2022\/03\/Logo-250px.png\" data-orig-src=\"https:\/\/alpechalets.at\/wp-content\/uploads\/2022\/03\/Logo-250px.png\" alt class=\"lazyload img-responsive wp-image-3831\" srcset=\"data:image\/svg+xml,%3Csvg%20xmlns%3D%27http%3A%2F%2Fwww.w3.org%2F2000%2Fsvg%27%20width%3D%27250%27%20height%3D%27256%27%20viewBox%3D%270%200%20250%20256%27%3E%3Crect%20width%3D%27250%27%20height%3D%27256%27%20fill-opacity%3D%220%22%2F%3E%3C%2Fsvg%3E\" data-srcset=\"https:\/\/alpechalets.at\/wp-content\/uploads\/2022\/03\/Logo-250px-200x205.png 200w, https:\/\/alpechalets.at\/wp-content\/uploads\/2022\/03\/Logo-250px.png 250w\" data-sizes=\"auto\" data-orig-sizes=\"(max-width: 640px) 100vw, 250px\" \/><\/a><\/span><\/div><\/div><\/div><\/div><\/div><div class=\"fusion-fullwidth fullwidth-box fusion-builder-row-2 fusion-flex-container nonhundred-percent-fullwidth non-hundred-percent-height-scrolling fusion-no-medium-visibility fusion-no-large-visibility gradient-container-2\" style=\"--awb-border-radius-top-left:0px;--awb-border-radius-top-right:0px;--awb-border-radius-bottom-right:0px;--awb-border-radius-bottom-left:0px;--awb-padding-bottom:140px;--awb-flex-wrap:wrap;\" ><div class=\"fusion-builder-row fusion-row fusion-flex-align-items-flex-start fusion-flex-content-wrap\" style=\"max-width:1352px;margin-left: calc(-4% \/ 2 );margin-right: calc(-4% \/ 2 );\"><div class=\"fusion-layout-column fusion_builder_column fusion-builder-column-1 fusion_builder_column_1_1 1_1 fusion-flex-column\" style=\"--awb-padding-top:10px;--awb-bg-size:cover;--awb-width-large:100%;--awb-margin-top-large:0px;--awb-spacing-right-large:1.92%;--awb-margin-bottom-large:20px;--awb-spacing-left-large:1.92%;--awb-width-medium:100%;--awb-order-medium:0;--awb-spacing-right-medium:1.92%;--awb-spacing-left-medium:1.92%;--awb-width-small:100%;--awb-order-small:0;--awb-spacing-right-small:1.92%;--awb-spacing-left-small:1.92%;\"><div class=\"fusion-column-wrapper fusion-column-has-shadow fusion-flex-justify-content-flex-start fusion-content-layout-column\"><div class=\"fusion-image-element \" style=\"text-align:center;--awb-max-width:100px;--awb-caption-title-font-family:var(--h2_typography-font-family);--awb-caption-title-font-weight:var(--h2_typography-font-weight);--awb-caption-title-font-style:var(--h2_typography-font-style);--awb-caption-title-size:var(--h2_typography-font-size);--awb-caption-title-transform:var(--h2_typography-text-transform);--awb-caption-title-line-height:var(--h2_typography-line-height);--awb-caption-title-letter-spacing:var(--h2_typography-letter-spacing);\"><span class=\" fusion-imageframe imageframe-none imageframe-2 hover-type-none\"><a class=\"fusion-no-lightbox\" href=\"https:\/\/alpechalets.at\/en\/\" target=\"_self\" aria-label=\"Logo-250px\"><img decoding=\"async\" width=\"250\" height=\"256\" src=\"https:\/\/alpechalets.at\/wp-content\/uploads\/2022\/03\/Logo-250px.png\" data-orig-src=\"https:\/\/alpechalets.at\/wp-content\/uploads\/2022\/03\/Logo-250px.png\" alt class=\"lazyload img-responsive wp-image-3831\" srcset=\"data:image\/svg+xml,%3Csvg%20xmlns%3D%27http%3A%2F%2Fwww.w3.org%2F2000%2Fsvg%27%20width%3D%27250%27%20height%3D%27256%27%20viewBox%3D%270%200%20250%20256%27%3E%3Crect%20width%3D%27250%27%20height%3D%27256%27%20fill-opacity%3D%220%22%2F%3E%3C%2Fsvg%3E\" data-srcset=\"https:\/\/alpechalets.at\/wp-content\/uploads\/2022\/03\/Logo-250px-200x205.png 200w, https:\/\/alpechalets.at\/wp-content\/uploads\/2022\/03\/Logo-250px.png 250w\" data-sizes=\"auto\" data-orig-sizes=\"(max-width: 640px) 100vw, 250px\" \/><\/a><\/span><\/div><\/div><\/div><\/div><\/div><div class=\"fusion-fullwidth fullwidth-box fusion-builder-row-3 fusion-flex-container nonhundred-percent-fullwidth non-hundred-percent-height-scrolling gradient-container-3\" style=\"--awb-border-radius-top-left:0px;--awb-border-radius-top-right:0px;--awb-border-radius-bottom-right:0px;--awb-border-radius-bottom-left:0px;--awb-padding-bottom:90px;--awb-background-color:#ede5da;--awb-flex-wrap:wrap;\" ><div class=\"fusion-builder-row fusion-row fusion-flex-align-items-flex-start fusion-flex-content-wrap\" style=\"max-width:1352px;margin-left: calc(-4% \/ 2 );margin-right: calc(-4% \/ 2 );\"><div class=\"fusion-layout-column fusion_builder_column fusion-builder-column-2 fusion_builder_column_1_1 1_1 fusion-flex-column\" style=\"--awb-bg-size:cover;--awb-width-large:100%;--awb-margin-top-large:-130px;--awb-spacing-right-large:1.92%;--awb-margin-bottom-large:20px;--awb-spacing-left-large:1.92%;--awb-width-medium:100%;--awb-order-medium:0;--awb-spacing-right-medium:1.92%;--awb-spacing-left-medium:1.92%;--awb-width-small:100%;--awb-order-small:0;--awb-spacing-right-small:1.92%;--awb-spacing-left-small:1.92%;\" data-scroll-devices=\"small-visibility,medium-visibility,large-visibility\"><div class=\"fusion-column-wrapper lazyload fusion-column-has-shadow fusion-flex-justify-content-flex-start fusion-content-layout-column fusion-empty-column-bg-image fusion-column-has-bg-image\" data-bg-url=\"https:\/\/alpechalets.at\/wp-content\/uploads\/2025\/01\/Golf-Blog_1.png\" data-bg=\"https:\/\/alpechalets.at\/wp-content\/uploads\/2025\/01\/Golf-Blog_1.png\"><img decoding=\"async\" class=\"fusion-empty-dims-img-placeholder\" alt=\"Drei M\u00e4nner in sportlicher Golfkleidung gehen entspannt \u00fcber einen gr\u00fcnen Golfplatz. Im Hintergrund ist eine malerische Landschaft mit B\u00e4umen und einer weiten Gr\u00fcnfl\u00e4che zu sehen, die eine ruhige und angenehme Atmosph\u00e4re ausstrahlt.\" aria-label=\"Golf Blog\" src=\"data:image\/svg+xml,%3Csvg%20xmlns%3D%27http%3A%2F%2Fwww.w3.org%2F2000%2Fsvg%27%20width%3D%271500%27%20height%3D%271001%27%20viewBox%3D%270%200%201500%201001%27%3E%3Crect%20width%3D%271500%27%20height%3D%271001%27%20fill-opacity%3D%220%22%2F%3E%3C%2Fsvg%3E\"><\/div><\/div><\/div><\/div><div class=\"fusion-fullwidth fullwidth-box fusion-builder-row-4 fusion-flex-container has-pattern-background has-mask-background nonhundred-percent-fullwidth non-hundred-percent-height-scrolling gradient-container-4\" style=\"--awb-border-radius-top-left:0px;--awb-border-radius-top-right:0px;--awb-border-radius-bottom-right:0px;--awb-border-radius-bottom-left:0px;--awb-padding-top:30px;--awb-padding-bottom:50px;--awb-padding-top-small:0px;--awb-padding-bottom-small:10px;--awb-flex-wrap:wrap;\" ><div class=\"fusion-builder-row fusion-row fusion-flex-align-items-flex-start fusion-flex-content-wrap\" style=\"max-width:1352px;margin-left: calc(-4% \/ 2 );margin-right: calc(-4% \/ 2 );\"><div class=\"fusion-layout-column fusion_builder_column fusion-builder-column-3 fusion_builder_column_1_1 1_1 fusion-flex-column\" style=\"--awb-padding-top:40px;--awb-bg-size:cover;--awb-width-large:100%;--awb-margin-top-large:0px;--awb-spacing-right-large:1.92%;--awb-margin-bottom-large:20px;--awb-spacing-left-large:1.92%;--awb-width-medium:100%;--awb-order-medium:0;--awb-spacing-right-medium:1.92%;--awb-spacing-left-medium:1.92%;--awb-width-small:100%;--awb-order-small:0;--awb-spacing-right-small:1.92%;--awb-spacing-left-small:1.92%;\"><div class=\"fusion-column-wrapper fusion-column-has-shadow fusion-flex-justify-content-flex-start fusion-content-layout-column\"><div class=\"fusion-text fusion-text-1\" style=\"--awb-text-transform:none;\"><h1 style=\"text-align: center; font-size: 30px; line-height: 1;\">BLOG<\/h1>\n<h2 style=\"text-align: center;\">GOLF HOLIDAY TYROL<\/h2>\n<\/div><div class=\"fusion-text fusion-text-2 awb-text-cols fusion-text-columns-2\" style=\"--awb-columns:2;--awb-column-spacing:2em;--awb-column-min-width:100px;\"><p>Tyrol is one of Austria&#8217;s most sought-after golf destinations \u2013 and for good reason. Nestled in the majestic Alpine scenery, you&#8217;ll find immaculately maintained fairways, challenging greens, and exclusive golf clubs that delight golf enthusiasts from all over the world. Every tee shot is accompanied by the impressive mountain landscape, making golf here a unique experience.  <\/p>\n<p>With over 20 first-class golf courses, stretching from gentle hills to alpine altitudes, Tyrol offers ideal conditions for every skill level. Whether an ambitious beginner or an experienced professional \u2013 every golfer will find their perfect challenge here. After a successful round, charming clubhouses and excellent gourmet restaurants invite you to unwind \u2013 while your gaze sweeps over the imposing peaks of the Tyrolean Alps.  <\/p>\n<p>Combine your passion for golf with relaxation and indulgence. Golfing in Tyrol combines athletic elegance with luxurious comfort and exclusive wellness offers. Discover the latest highlights, insider tips, and current events from the golf world in Tyrol.<\/p>\n<\/div><div class=\"fusion-separator fusion-full-width-sep\" style=\"align-self: center;margin-left: auto;margin-right: auto;margin-top:20px;width:100%;\"><\/div><div class=\"fusion-text fusion-text-3\"><h4>Let our Leisure Tips and Information Inspire You:<\/h4>\n<\/div><\/div><\/div><\/div><\/div><div class=\"fusion-fullwidth fullwidth-box fusion-builder-row-5 fusion-flex-container has-pattern-background has-mask-background nonhundred-percent-fullwidth non-hundred-percent-height-scrolling gradient-container-5\" style=\"--awb-border-radius-top-left:0px;--awb-border-radius-top-right:0px;--awb-border-radius-bottom-right:0px;--awb-border-radius-bottom-left:0px;--awb-padding-bottom:5%;--awb-flex-wrap:wrap;\" ><div class=\"fusion-builder-row fusion-row fusion-flex-align-items-flex-start fusion-flex-content-wrap\" style=\"max-width:1352px;margin-left: calc(-4% \/ 2 );margin-right: calc(-4% \/ 2 );\"><div class=\"fusion-layout-column fusion_builder_column fusion-builder-column-4 fusion_builder_column_1_1 1_1 fusion-flex-column\" style=\"--awb-bg-size:cover;--awb-width-large:100%;--awb-margin-top-large:0px;--awb-spacing-right-large:1.92%;--awb-margin-bottom-large:20px;--awb-spacing-left-large:1.92%;--awb-width-medium:100%;--awb-order-medium:0;--awb-spacing-right-medium:1.92%;--awb-spacing-left-medium:1.92%;--awb-width-small:100%;--awb-order-small:0;--awb-spacing-right-small:1.92%;--awb-spacing-left-small:1.92%;\"><div class=\"fusion-column-wrapper fusion-column-has-shadow fusion-flex-justify-content-flex-start fusion-content-layout-column\"><\/div><\/div><\/div><\/div><div class=\"fusion-fullwidth fullwidth-box fusion-builder-row-6 fusion-flex-container has-pattern-background has-mask-background nonhundred-percent-fullwidth non-hundred-percent-height-scrolling gradient-container-6\" style=\"--awb-border-radius-top-left:0px;--awb-border-radius-top-right:0px;--awb-border-radius-bottom-right:0px;--awb-border-radius-bottom-left:0px;--awb-background-color:#f7f6f2;--awb-flex-wrap:wrap;\" ><div class=\"fusion-builder-row fusion-row fusion-flex-align-items-flex-start fusion-flex-content-wrap\" style=\"max-width:1352px;margin-left: calc(-4% \/ 2 );margin-right: calc(-4% \/ 2 );\"><div class=\"fusion-layout-column fusion_builder_column fusion-builder-column-5 fusion_builder_column_1_1 1_1 fusion-flex-column\" style=\"--awb-bg-size:cover;--awb-width-large:100%;--awb-margin-top-large:-10%;--awb-spacing-right-large:1.92%;--awb-margin-bottom-large:20px;--awb-spacing-left-large:1.92%;--awb-width-medium:100%;--awb-order-medium:0;--awb-spacing-right-medium:1.92%;--awb-spacing-left-medium:1.92%;--awb-width-small:100%;--awb-order-small:0;--awb-spacing-right-small:1.92%;--awb-spacing-left-small:1.92%;\"><div class=\"fusion-column-wrapper fusion-column-has-shadow fusion-flex-justify-content-flex-start fusion-content-layout-column\"><\/div><\/div><\/div><\/div><\/p>\n","protected":false},"excerpt":{"rendered":"","protected":false},"author":10,"featured_media":0,"parent":0,"menu_order":0,"comment_status":"closed","ping_status":"closed","template":"100-width.php","meta":{"footnotes":""},"class_list":["post-4576","page","type-page","status-publish","hentry"],"yoast_head":"<!-- This site is optimized with the Yoast SEO plugin v26.9 - https:\/\/yoast.com\/product\/yoast-seo-wordpress\/ -->\n<title>Prices for a Luxurious Suite in Tyrol - AlpeChalets<\/title>\n<meta name=\"description\" content=\"Golf Holiday in Tyrol: Discover the most beautiful golf courses amidst breathtaking Alpine landscapes. Learn more here!\" \/>\n<meta name=\"robots\" content=\"index, follow, max-snippet:-1, max-image-preview:large, max-video-preview:-1\" \/>\n<link rel=\"canonical\" href=\"https:\/\/alpechalets.at\/en\/golf-blog\/\" \/>\n<meta property=\"og:locale\" content=\"en_US\" \/>\n<meta property=\"og:type\" content=\"article\" \/>\n<meta property=\"og:title\" content=\"Prices for a Luxurious Suite in Tyrol - AlpeChalets\" \/>\n<meta property=\"og:description\" content=\"Learn more about our prices for each individual suite - Suit Scharnitz, Suit Tyrol, and Karwendelh\u00fctte\" \/>\n<meta property=\"og:url\" content=\"https:\/\/alpechalets.at\/en\/golf-blog\/\" \/>\n<meta property=\"og:site_name\" content=\"AlpeChalets\" \/>\n<meta property=\"article:publisher\" content=\"https:\/\/www.facebook.com\/alpechaletsgoldenerhirsch\/\" \/>\n<meta property=\"article:modified_time\" content=\"2025-08-18T12:14:55+00:00\" \/>\n<meta property=\"og:image\" content=\"https:\/\/alpechalets.at\/wp-content\/uploads\/2022\/04\/Ferienwohnung_mieten_in_Tirol_bei_Seefeld_Alpe_Charlets_7300-1024x683.jpg\" \/>\n<meta name=\"twitter:card\" content=\"summary_large_image\" \/>\n<meta name=\"twitter:title\" content=\"Prices for a Luxurious Suite in Tyrol - AlpeChalets\" \/>\n<meta name=\"twitter:description\" content=\"Learn more about our prices for each individual suite - Suit Scharnitz, Suit Tyrol, and Karwendelh\u00fctte\" \/>\n<meta name=\"twitter:image\" content=\"https:\/\/alpechalets.at\/wp-content\/uploads\/2022\/04\/Ferienwohnung_mieten_in_Tirol_bei_Seefeld_Alpe_Charlets_7300-1024x683.jpg\" \/>\n<meta name=\"twitter:label1\" content=\"Est. reading time\" \/>\n\t<meta name=\"twitter:data1\" content=\"30 minutes\" \/>\n<script type=\"application\/ld+json\" class=\"yoast-schema-graph\">{\"@context\":\"https:\/\/schema.org\",\"@graph\":[{\"@type\":\"WebPage\",\"@id\":\"https:\/\/alpechalets.at\/en\/golf-blog\/\",\"url\":\"https:\/\/alpechalets.at\/en\/golf-blog\/\",\"name\":\"Prices for a Luxurious Suite in Tyrol - AlpeChalets\",\"isPartOf\":{\"@id\":\"https:\/\/alpechalets.at\/en\/#website\"},\"datePublished\":\"2024-12-19T12:34:26+00:00\",\"dateModified\":\"2025-08-18T12:14:55+00:00\",\"description\":\"Golf Holiday in Tyrol: Discover the most beautiful golf courses amidst breathtaking Alpine landscapes. Learn more here!\",\"breadcrumb\":{\"@id\":\"https:\/\/alpechalets.at\/en\/golf-blog\/#breadcrumb\"},\"inLanguage\":\"en-US\",\"potentialAction\":[{\"@type\":\"ReadAction\",\"target\":[\"https:\/\/alpechalets.at\/en\/golf-blog\/\"]}]},{\"@type\":\"BreadcrumbList\",\"@id\":\"https:\/\/alpechalets.at\/en\/golf-blog\/#breadcrumb\",\"itemListElement\":[{\"@type\":\"ListItem\",\"position\":1,\"name\":\"Startseite\",\"item\":\"https:\/\/alpechalets.at\/en\/\"},{\"@type\":\"ListItem\",\"position\":2,\"name\":\"Golf Blog\"}]},{\"@type\":\"WebSite\",\"@id\":\"https:\/\/alpechalets.at\/en\/#website\",\"url\":\"https:\/\/alpechalets.at\/en\/\",\"name\":\"AlpeChalets\",\"description\":\"\u2026etwas mehr als ein Ferienhaus\",\"publisher\":{\"@id\":\"https:\/\/alpechalets.at\/en\/#organization\"},\"alternateName\":\"Ferienhaus und Ferienwohnungen in Scharnitz \/ Tirol bei Seefeld\",\"potentialAction\":[{\"@type\":\"SearchAction\",\"target\":{\"@type\":\"EntryPoint\",\"urlTemplate\":\"https:\/\/alpechalets.at\/en\/?s={search_term_string}\"},\"query-input\":{\"@type\":\"PropertyValueSpecification\",\"valueRequired\":true,\"valueName\":\"search_term_string\"}}],\"inLanguage\":\"en-US\"},{\"@type\":\"Organization\",\"@id\":\"https:\/\/alpechalets.at\/en\/#organization\",\"name\":\"AlpeChalets\",\"alternateName\":\"Ferienhaus und Ferienwohnungen in Scharnitz \/ Tirol bei Seefeld\",\"url\":\"https:\/\/alpechalets.at\/en\/\",\"logo\":{\"@type\":\"ImageObject\",\"inLanguage\":\"en-US\",\"@id\":\"https:\/\/alpechalets.at\/en\/#\/schema\/logo\/image\/\",\"url\":\"https:\/\/alpechalets.at\/wp-content\/uploads\/2022\/03\/Logo-250px.png\",\"contentUrl\":\"https:\/\/alpechalets.at\/wp-content\/uploads\/2022\/03\/Logo-250px.png\",\"width\":250,\"height\":256,\"caption\":\"AlpeChalets\"},\"image\":{\"@id\":\"https:\/\/alpechalets.at\/en\/#\/schema\/logo\/image\/\"},\"sameAs\":[\"https:\/\/www.facebook.com\/alpechaletsgoldenerhirsch\/\",\"https:\/\/www.instagram.com\/alpechalets\/?igshid=YmMyMTA2M2Y\"]}]}<\/script>\n<!-- \/ Yoast SEO plugin. -->","yoast_head_json":{"title":"Prices for a Luxurious Suite in Tyrol - AlpeChalets","description":"Golf Holiday in Tyrol: Discover the most beautiful golf courses amidst breathtaking Alpine landscapes. Learn more here!","robots":{"index":"index","follow":"follow","max-snippet":"max-snippet:-1","max-image-preview":"max-image-preview:large","max-video-preview":"max-video-preview:-1"},"canonical":"https:\/\/alpechalets.at\/en\/golf-blog\/","og_locale":"en_US","og_type":"article","og_title":"Prices for a Luxurious Suite in Tyrol - AlpeChalets","og_description":"Learn more about our prices for each individual suite - Suit Scharnitz, Suit Tyrol, and Karwendelh\u00fctte","og_url":"https:\/\/alpechalets.at\/en\/golf-blog\/","og_site_name":"AlpeChalets","article_publisher":"https:\/\/www.facebook.com\/alpechaletsgoldenerhirsch\/","article_modified_time":"2025-08-18T12:14:55+00:00","og_image":[{"url":"https:\/\/alpechalets.at\/wp-content\/uploads\/2022\/04\/Ferienwohnung_mieten_in_Tirol_bei_Seefeld_Alpe_Charlets_7300-1024x683.jpg","type":"","width":"","height":""}],"twitter_card":"summary_large_image","twitter_title":"Prices for a Luxurious Suite in Tyrol - AlpeChalets","twitter_description":"Learn more about our prices for each individual suite - Suit Scharnitz, Suit Tyrol, and Karwendelh\u00fctte","twitter_image":"https:\/\/alpechalets.at\/wp-content\/uploads\/2022\/04\/Ferienwohnung_mieten_in_Tirol_bei_Seefeld_Alpe_Charlets_7300-1024x683.jpg","twitter_misc":{"Est. reading time":"30 minutes"},"schema":{"@context":"https:\/\/schema.org","@graph":[{"@type":"WebPage","@id":"https:\/\/alpechalets.at\/en\/golf-blog\/","url":"https:\/\/alpechalets.at\/en\/golf-blog\/","name":"Prices for a Luxurious Suite in Tyrol - AlpeChalets","isPartOf":{"@id":"https:\/\/alpechalets.at\/en\/#website"},"datePublished":"2024-12-19T12:34:26+00:00","dateModified":"2025-08-18T12:14:55+00:00","description":"Golf Holiday in Tyrol: Discover the most beautiful golf courses amidst breathtaking Alpine landscapes. Learn more here!","breadcrumb":{"@id":"https:\/\/alpechalets.at\/en\/golf-blog\/#breadcrumb"},"inLanguage":"en-US","potentialAction":[{"@type":"ReadAction","target":["https:\/\/alpechalets.at\/en\/golf-blog\/"]}]},{"@type":"BreadcrumbList","@id":"https:\/\/alpechalets.at\/en\/golf-blog\/#breadcrumb","itemListElement":[{"@type":"ListItem","position":1,"name":"Startseite","item":"https:\/\/alpechalets.at\/en\/"},{"@type":"ListItem","position":2,"name":"Golf Blog"}]},{"@type":"WebSite","@id":"https:\/\/alpechalets.at\/en\/#website","url":"https:\/\/alpechalets.at\/en\/","name":"AlpeChalets","description":"\u2026etwas mehr als ein Ferienhaus","publisher":{"@id":"https:\/\/alpechalets.at\/en\/#organization"},"alternateName":"Ferienhaus und Ferienwohnungen in Scharnitz \/ Tirol bei Seefeld","potentialAction":[{"@type":"SearchAction","target":{"@type":"EntryPoint","urlTemplate":"https:\/\/alpechalets.at\/en\/?s={search_term_string}"},"query-input":{"@type":"PropertyValueSpecification","valueRequired":true,"valueName":"search_term_string"}}],"inLanguage":"en-US"},{"@type":"Organization","@id":"https:\/\/alpechalets.at\/en\/#organization","name":"AlpeChalets","alternateName":"Ferienhaus und Ferienwohnungen in Scharnitz \/ Tirol bei Seefeld","url":"https:\/\/alpechalets.at\/en\/","logo":{"@type":"ImageObject","inLanguage":"en-US","@id":"https:\/\/alpechalets.at\/en\/#\/schema\/logo\/image\/","url":"https:\/\/alpechalets.at\/wp-content\/uploads\/2022\/03\/Logo-250px.png","contentUrl":"https:\/\/alpechalets.at\/wp-content\/uploads\/2022\/03\/Logo-250px.png","width":250,"height":256,"caption":"AlpeChalets"},"image":{"@id":"https:\/\/alpechalets.at\/en\/#\/schema\/logo\/image\/"},"sameAs":["https:\/\/www.facebook.com\/alpechaletsgoldenerhirsch\/","https:\/\/www.instagram.com\/alpechalets\/?igshid=YmMyMTA2M2Y"]}]}},"_links":{"self":[{"href":"https:\/\/alpechalets.at\/en\/wp-json\/wp\/v2\/pages\/4576","targetHints":{"allow":["GET"]}}],"collection":[{"href":"https:\/\/alpechalets.at\/en\/wp-json\/wp\/v2\/pages"}],"about":[{"href":"https:\/\/alpechalets.at\/en\/wp-json\/wp\/v2\/types\/page"}],"author":[{"embeddable":true,"href":"https:\/\/alpechalets.at\/en\/wp-json\/wp\/v2\/users\/10"}],"replies":[{"embeddable":true,"href":"https:\/\/alpechalets.at\/en\/wp-json\/wp\/v2\/comments?post=4576"}],"version-history":[{"count":7,"href":"https:\/\/alpechalets.at\/en\/wp-json\/wp\/v2\/pages\/4576\/revisions"}],"predecessor-version":[{"id":4738,"href":"https:\/\/alpechalets.at\/en\/wp-json\/wp\/v2\/pages\/4576\/revisions\/4738"}],"wp:attachment":[{"href":"https:\/\/alpechalets.at\/en\/wp-json\/wp\/v2\/media?parent=4576"}],"curies":[{"name":"wp","href":"https:\/\/api.w.org\/{rel}","templated":true}]}}